{"id":9,"date":"2018-09-04T14:46:58","date_gmt":"2018-09-04T12:46:58","guid":{"rendered":"http:\/\/shintaido-karate.com\/?page_id=9"},"modified":"2020-04-09T23:39:52","modified_gmt":"2020-04-09T21:39:52","slug":"lart-martial","status":"publish","type":"page","link":"https:\/\/shintaido-karate.com\/index.php\/lart-martial\/","title":{"rendered":"L&rsquo;art martial"},"content":{"rendered":"\t\t<div data-elementor-type=\"wp-post\" data-elementor-id=\"9\" class=\"elementor elementor-9\" data-elementor-post-type=\"page\">\n\t\t\t\t\t\t<section class=\"elementor-section elementor-top-section elementor-element elementor-element-0b8b969 elementor-section-height-min-height elementor-section-boxed elementor-section-height-default elementor-section-items-middle\" data-id=\"0b8b969\" data-element_type=\"section\" data-settings=\"{&quot;background_background&quot;:&quot;classic&quot;,&quot;shape_divider_bottom&quot;:&quot;opacity-fan&quot;}\">\n\t\t\t\t\t<div class=\"elementor-shape elementor-shape-bottom\" data-negative=\"false\">\n\t\t\t<svg xmlns=\"http:\/\/www.w3.org\/2000\/svg\" viewBox=\"0 0 283.5 19.6\" preserveAspectRatio=\"none\">\n\t<path class=\"elementor-shape-fill\" style=\"opacity:0.33\" d=\"M0 0L0 18.8 141.8 4.1 283.5 18.8 283.5 0z\"\/>\n\t<path class=\"elementor-shape-fill\" style=\"opacity:0.33\" d=\"M0 0L0 12.6 141.8 4 283.5 12.6 283.5 0z\"\/>\n\t<path class=\"elementor-shape-fill\" style=\"opacity:0.33\" d=\"M0 0L0 6.4 141.8 4 283.5 6.4 283.5 0z\"\/>\n\t<path class=\"elementor-shape-fill\" d=\"M0 0L0 1.2 141.8 4 283.5 1.2 283.5 0z\"\/>\n<\/svg>\t\t<\/div>\n\t\t\t\t\t<div class=\"elementor-container elementor-column-gap-no\">\n\t\t\t\t\t<div class=\"elementor-column elementor-col-100 elementor-top-column elementor-element elementor-element-e72070f\" data-id=\"e72070f\" data-element_type=\"column\">\n\t\t\t<div class=\"elementor-widget-wrap elementor-element-populated\">\n\t\t\t\t\t\t<div class=\"elementor-element elementor-element-87e302f elementor-widget elementor-widget-heading\" data-id=\"87e302f\" data-element_type=\"widget\" data-widget_type=\"heading.default\">\n\t\t\t\t\t<h2 class=\"elementor-heading-title elementor-size-default\">L&rsquo;art martial<\/h2>\t\t\t\t<\/div>\n\t\t\t\t\t<\/div>\n\t\t<\/div>\n\t\t\t\t\t<\/div>\n\t\t<\/section>\n\t\t\t\t<section class=\"elementor-section elementor-top-section elementor-element elementor-element-e85ccd7 elementor-section-boxed elementor-section-height-default elementor-section-height-default\" data-id=\"e85ccd7\" data-element_type=\"section\">\n\t\t\t\t\t\t<div class=\"elementor-container elementor-column-gap-default\">\n\t\t\t\t\t<div class=\"elementor-column elementor-col-100 elementor-top-column elementor-element elementor-element-89ce017\" data-id=\"89ce017\" data-element_type=\"column\">\n\t\t\t<div class=\"elementor-widget-wrap elementor-element-populated\">\n\t\t\t\t\t\t<div class=\"elementor-element elementor-element-4f5f20a elementor-widget elementor-widget-spacer\" data-id=\"4f5f20a\" data-element_type=\"widget\" data-widget_type=\"spacer.default\">\n\t\t\t\t\t\t\t<div class=\"elementor-spacer\">\n\t\t\t<div class=\"elementor-spacer-inner\"><\/div>\n\t\t<\/div>\n\t\t\t\t\t\t<\/div>\n\t\t\t\t\t<\/div>\n\t\t<\/div>\n\t\t\t\t\t<\/div>\n\t\t<\/section>\n\t\t\t\t<section class=\"elementor-section elementor-top-section elementor-element elementor-element-2cd3dda elementor-section-boxed elementor-section-height-default elementor-section-height-default\" data-id=\"2cd3dda\" data-element_type=\"section\">\n\t\t\t\t\t\t<div class=\"elementor-container elementor-column-gap-default\">\n\t\t\t\t\t<div class=\"elementor-column elementor-col-100 elementor-top-column elementor-element elementor-element-2ae2b08\" data-id=\"2ae2b08\" data-element_type=\"column\">\n\t\t\t<div class=\"elementor-widget-wrap elementor-element-populated\">\n\t\t\t\t\t\t<div class=\"elementor-element elementor-element-0dedac2 elementor-widget elementor-widget-accordion\" data-id=\"0dedac2\" data-element_type=\"widget\" data-widget_type=\"accordion.default\">\n\t\t\t\t\t\t\t<div class=\"elementor-accordion\">\n\t\t\t\t\t\t\t<div class=\"elementor-accordion-item\">\n\t\t\t\t\t<div id=\"elementor-tab-title-1461\" class=\"elementor-tab-title\" data-tab=\"1\" role=\"button\" aria-controls=\"elementor-tab-content-1461\" aria-expanded=\"false\">\n\t\t\t\t\t\t\t\t\t\t\t\t\t<span class=\"elementor-accordion-icon elementor-accordion-icon-left\" aria-hidden=\"true\">\n\t\t\t\t\t\t\t\t\t\t\t\t\t\t\t<span class=\"elementor-accordion-icon-closed\"><svg class=\"e-font-icon-svg e-fas-plus\" viewBox=\"0 0 448 512\" xmlns=\"http:\/\/www.w3.org\/2000\/svg\"><path d=\"M416 208H272V64c0-17.67-14.33-32-32-32h-32c-17.67 0-32 14.33-32 32v144H32c-17.67 0-32 14.33-32 32v32c0 17.67 14.33 32 32 32h144v144c0 17.67 14.33 32 32 32h32c17.67 0 32-14.33 32-32V304h144c17.67 0 32-14.33 32-32v-32c0-17.67-14.33-32-32-32z\"><\/path><\/svg><\/span>\n\t\t\t\t\t\t\t\t<span class=\"elementor-accordion-icon-opened\"><svg class=\"e-font-icon-svg e-fas-minus\" viewBox=\"0 0 448 512\" xmlns=\"http:\/\/www.w3.org\/2000\/svg\"><path d=\"M416 208H32c-17.67 0-32 14.33-32 32v32c0 17.67 14.33 32 32 32h384c17.67 0 32-14.33 32-32v-32c0-17.67-14.33-32-32-32z\"><\/path><\/svg><\/span>\n\t\t\t\t\t\t\t\t\t\t\t\t\t\t<\/span>\n\t\t\t\t\t\t\t\t\t\t\t\t<a class=\"elementor-accordion-title\" tabindex=\"0\">Shinta\u00ef-do<\/a>\n\t\t\t\t\t<\/div>\n\t\t\t\t\t<div id=\"elementor-tab-content-1461\" class=\"elementor-tab-content elementor-clearfix\" data-tab=\"1\" role=\"region\" aria-labelledby=\"elementor-tab-title-1461\"><p>Le shinta\u00ef-do est n\u00e9 \u00e0 Tokyo en 1966 par un groupe d&rsquo;experts des arts martiaux dirig\u00e9 par <strong>AOKI HIROYUKI<\/strong> \u00e9l\u00e8ve du ma\u00eetre <strong>EGAMI SHIGERU<\/strong>.<\/p><p>Cette discipline vise au d\u00e9veloppement du corps et de l&rsquo;esprit. <br \/>Pour une harmonie et une expression \u00e9nergitique de l&rsquo;univers. <br \/>Ses formes naturelles de base expriment avec intensit\u00e9 l&rsquo;amour des \u00eatres et la recherche de l&rsquo;id\u00e9al.<\/p><p>Les deux katas de base sont <strong>EIKO<\/strong> et <strong>TENSHINGOSO<\/strong>. L\u2019ensemble des formes sont faciles \u00e0 apprendre; Codifi\u00e9 pour harmoniser l\u2019esprit et le corps necessaire \u00e0 l\u2019accomplissement de soi. Certains entra\u00eenements tr\u00e9s asceptiques pouss\u00e9s \u00e0 l\u2019extr\u00e8me limite du supportable.<\/p><p>Le <strong>SOGO-BUDO SHINTA\u00cf-DO<\/strong> fut import\u00e9 en France par <strong>Marc BASSIS<\/strong> en 1970 : Forger le corps et conna\u00eftre les limites mentales sont l\u00e0 des conceptes pour mieux contr\u00f4ler les \u00e9nergies.<\/p><\/div>\n\t\t\t\t<\/div>\n\t\t\t\t\t\t\t<div class=\"elementor-accordion-item\">\n\t\t\t\t\t<div id=\"elementor-tab-title-1462\" class=\"elementor-tab-title\" data-tab=\"2\" role=\"button\" aria-controls=\"elementor-tab-content-1462\" aria-expanded=\"false\">\n\t\t\t\t\t\t\t\t\t\t\t\t\t<span class=\"elementor-accordion-icon elementor-accordion-icon-left\" aria-hidden=\"true\">\n\t\t\t\t\t\t\t\t\t\t\t\t\t\t\t<span class=\"elementor-accordion-icon-closed\"><svg class=\"e-font-icon-svg e-fas-plus\" viewBox=\"0 0 448 512\" xmlns=\"http:\/\/www.w3.org\/2000\/svg\"><path d=\"M416 208H272V64c0-17.67-14.33-32-32-32h-32c-17.67 0-32 14.33-32 32v144H32c-17.67 0-32 14.33-32 32v32c0 17.67 14.33 32 32 32h144v144c0 17.67 14.33 32 32 32h32c17.67 0 32-14.33 32-32V304h144c17.67 0 32-14.33 32-32v-32c0-17.67-14.33-32-32-32z\"><\/path><\/svg><\/span>\n\t\t\t\t\t\t\t\t<span class=\"elementor-accordion-icon-opened\"><svg class=\"e-font-icon-svg e-fas-minus\" viewBox=\"0 0 448 512\" xmlns=\"http:\/\/www.w3.org\/2000\/svg\"><path d=\"M416 208H32c-17.67 0-32 14.33-32 32v32c0 17.67 14.33 32 32 32h384c17.67 0 32-14.33 32-32v-32c0-17.67-14.33-32-32-32z\"><\/path><\/svg><\/span>\n\t\t\t\t\t\t\t\t\t\t\t\t\t\t<\/span>\n\t\t\t\t\t\t\t\t\t\t\t\t<a class=\"elementor-accordion-title\" tabindex=\"0\">Origines du Karat\u00e9<\/a>\n\t\t\t\t\t<\/div>\n\t\t\t\t\t<div id=\"elementor-tab-content-1462\" class=\"elementor-tab-content elementor-clearfix\" data-tab=\"2\" role=\"region\" aria-labelledby=\"elementor-tab-title-1462\"><p>Il faut probablement remonter \u00e0 la nuit des temps pour trouver ses origines<\/p><p>Le Karat\u00e9 n&rsquo;est s\u00fbrement pas la cr\u00e9ation d&rsquo;un seul homme, ni d&rsquo;un peuple ; ce serait plut\u00f4t l&rsquo;\u0153uvre de plusieurs g\u00e9n\u00e9rations, qui ont d&rsquo;abord imagin\u00e9 des moyens pour se d\u00e9fendre et survivre, ensuite pour se donner confiance et enfin imposer leurs lois en toute s\u00e9r\u00e9nit\u00e9.<\/p><p>Par la suite, c&rsquo;est devenu un moyen de s&rsquo;exprimer.<\/p><p>L&rsquo;homme qui est toujours en qu\u00eate de perfection, interpr\u00e8te, transforme, selon ses facult\u00e9s<\/p><p>Le savoir ancestral se transmet de Ma\u00eetre \u00e0 disciple, tout en essayant d&rsquo;apporter sa touche personnelle afin que le Karat\u00e9 r\u00e9ponde aux besoins et aux pr\u00e9occupations de chacun, \u00e0 travers les \u00e9poques.<\/p><p>Il y a des l\u00e9gendes, il y a des faits :<\/p><p>Les historiens ont retenu le nom d&rsquo;un moine indien d\u00e9nomm\u00e9 \u00ab <strong>BODHIDARUMA<\/strong> \u00bb.<\/p><p>Venu en Chine au d\u00e9but du V\u00e9me si\u00e8cle pour pr\u00eacher le bouddhisme, il fut le fondateur de l&rsquo;\u00e9cole contemplative \u00ab <strong>DHYANATCHAN<\/strong> \u00bb, qui prendrait plus tard le nom de \u00ab <strong>ZEN<\/strong> \u00bb. Il s&rsquo;installa dans le royaume de \u00ab <strong>WEI<\/strong> \u00bb au monast\u00e8re de \u00ab <strong>SHAOLIN<\/strong> \u00bb dans la province de \u00ab <strong>HONDU<\/strong> \u00bb.<\/p><p>C&rsquo;est ici qu&rsquo;il a mis au point la m\u00e9thode qui pr\u00e9conise l&rsquo;harmonie du corps et de l&rsquo;esprit.<\/p><p>Peu apr\u00e8s la mort du moine <strong>BOUDHIDARUMA<\/strong>, les monast\u00e8res furent incendi\u00e9s et les moines s&rsquo;enfuirent et se dispers\u00e8rent. Ils se mirent \u00e0 transmettre leurs connaissances \u00e0 travers le pays ; d&rsquo;autres techniques se d\u00e9velopp\u00e8rent \u00e0 travers la Chine.<\/p><p><strong>OKINAWA<\/strong> fut le berceau du Karat\u00e9 moderne .<\/p><p>Cette \u00eele de l&rsquo;archipel des \u00ab <strong>RYU-KYU<\/strong> \u00bb situ\u00e9e entre la Chine et le sud du Japon \u00e9tait le point de contact de deux peuples aux cultures diff\u00e9rentes.<\/p><p>Au XV Si\u00e8cle, le <strong>Roi HASCHI<\/strong> de la <strong>dynastie SHO<\/strong>, afin d&rsquo;\u00e9viter toute r\u00e9bellion, interdit le port d&rsquo;arme dans tout l&rsquo;archipel.<\/p><p>En 1609, <strong>SHIMAZU<\/strong> Seigneur f\u00e9odal japonais, \u00e9crasa la <strong>dynastie SHO<\/strong>. Comme son pr\u00e9d\u00e9cesseur, et pour les m\u00eames raisons, il maintient l&rsquo;interdiction du port d&rsquo;arme. C&rsquo;est au cours de cette p\u00e9riode de r\u00e9pression que naquirent quatre style de combat :<\/p><p><strong>SHURI-TE<\/strong> \u2013 <strong>NAHA-TE<\/strong> \u2013 <strong>TOMARI-TE<\/strong> &#8211; <strong>OKINAWA-TE<\/strong> <br \/>m\u00e9lange de techniques de poing et de pied, bas\u00e9 uniquement sur l&rsquo;efficacit\u00e9.<\/p><p>Dans l&rsquo;\u00eele d&rsquo;<strong>OKINAWA<\/strong>, l&rsquo;\u00e9volution du combat sans arme prend sa Forme d\u00e9finitive avant que Ma\u00eetre \u00ab <strong>FUNAKUCHI GICHIN<\/strong> \u00bb arrive au Japon en 1923. Celui ci, invit\u00e9 par Ma\u00eetre \u00ab <strong>CANO<\/strong> \u00bb fondateur du Judo moderne, f\u00eet une d\u00e9monstration de Karat\u00e9.<\/p><p>L&rsquo;histoire du Karat\u00e9 moderne prend ainsi toute son essence \u00e0 dater de cette p\u00e9riode.<\/p><\/div>\n\t\t\t\t<\/div>\n\t\t\t\t\t\t\t<div class=\"elementor-accordion-item\">\n\t\t\t\t\t<div id=\"elementor-tab-title-1463\" class=\"elementor-tab-title\" data-tab=\"3\" role=\"button\" aria-controls=\"elementor-tab-content-1463\" aria-expanded=\"false\">\n\t\t\t\t\t\t\t\t\t\t\t\t\t<span class=\"elementor-accordion-icon elementor-accordion-icon-left\" aria-hidden=\"true\">\n\t\t\t\t\t\t\t\t\t\t\t\t\t\t\t<span class=\"elementor-accordion-icon-closed\"><svg class=\"e-font-icon-svg e-fas-plus\" viewBox=\"0 0 448 512\" xmlns=\"http:\/\/www.w3.org\/2000\/svg\"><path d=\"M416 208H272V64c0-17.67-14.33-32-32-32h-32c-17.67 0-32 14.33-32 32v144H32c-17.67 0-32 14.33-32 32v32c0 17.67 14.33 32 32 32h144v144c0 17.67 14.33 32 32 32h32c17.67 0 32-14.33 32-32V304h144c17.67 0 32-14.33 32-32v-32c0-17.67-14.33-32-32-32z\"><\/path><\/svg><\/span>\n\t\t\t\t\t\t\t\t<span class=\"elementor-accordion-icon-opened\"><svg class=\"e-font-icon-svg e-fas-minus\" viewBox=\"0 0 448 512\" xmlns=\"http:\/\/www.w3.org\/2000\/svg\"><path d=\"M416 208H32c-17.67 0-32 14.33-32 32v32c0 17.67 14.33 32 32 32h384c17.67 0 32-14.33 32-32v-32c0-17.67-14.33-32-32-32z\"><\/path><\/svg><\/span>\n\t\t\t\t\t\t\t\t\t\t\t\t\t\t<\/span>\n\t\t\t\t\t\t\t\t\t\t\t\t<a class=\"elementor-accordion-title\" tabindex=\"0\">Codes moraux<\/a>\n\t\t\t\t\t<\/div>\n\t\t\t\t\t<div id=\"elementor-tab-content-1463\" class=\"elementor-tab-content elementor-clearfix\" data-tab=\"3\" role=\"region\" aria-labelledby=\"elementor-tab-title-1463\"><h4>HONNEUR : MEIYO<\/h4><p class=\"contenu\">C&rsquo;est la qualit\u00e9 essentiel. Nul ne peut se pr\u00e9tendre Budoka (Guerrier au sens noble du terme) s&rsquo;il n&rsquo;a pas une conduite honorable. Du sens de l&rsquo;honneur d\u00e9coule toutes les autres vertus. Il exige le respect du code moral et la poursuite d&rsquo;un id\u00e9al, de mani\u00e8re \u00e0 toujour avoir un comportement digne et respectable. Il conditionne notre attitude et mani\u00e8re d&rsquo;\u00eatre vis \u00e0 vis des autres.<\/p><p class=\"contenu\"><strong>LA FID\u00c9LIT\u00c9 : CHUJITSU<\/strong><\/p><p class=\"contenu\">Il n&rsquo;y a pas d&rsquo;honneur sans fid\u00e9lit\u00e9 et loyaut\u00e9 \u00e0 l&rsquo;\u00e9gard de certains id\u00e9aux et de ceux qui les partagent. La fid\u00e9lit\u00e9 symbolise la n\u00e9cessit\u00e9 incontournable de tenir ses promesses et remplir ses engagements.<\/p><p class=\"contenu\"><strong>LA SINC\u00c9RIT\u00c9 : SEIJITSU ou MOTO<\/strong><\/p><p class=\"contenu\">La fid\u00e9lit\u00e9 n\u00e9cessite la s\u00e9curit\u00e9 dans les paroles et dans les actes. Le mensonge et l&rsquo;\u00e9quivoque engendre la suspicion qui est la source de toutes les d\u00e9sunions. <br \/>En karat\u00e9-do, le salut est l&rsquo;expression de cette sinc\u00e9rit\u00e9, c&rsquo;est le signe de celui qui ne d\u00e9guise ni ses sentiments, ni ses pens\u00e9es, de celui qui sait \u00eatre authentique.<\/p><p class=\"contenu\"><strong>LE COURAGE : YUUKI ou YUUKAN<\/strong><\/p><p class=\"contenu\">La force d&rsquo;\u00e2me qui fait braver le danger et la souffrance s&rsquo;appelle le courage. Ce courage qui nous pousse \u00e0 faire respecter, en toutes circonstances, ce qui nous para\u00eet juste, et qui nous permet, malgr\u00e9 nos peurs et nos craintes, d&rsquo;affronter toutes les \u00e9preuves. La bravoure, l&rsquo;ardeur et surtout la volont\u00e9 sont les supports du courage.<\/p><p class=\"contenu\"><strong>LA BONT\u00c9 ET LA BIENVEILLANCE : SHINSETSU<\/strong><\/p><p class=\"contenu\">La bont\u00e9 et la bienveillance sont des marques de courage qui d\u00e9notent une haute humanit\u00e9. Elles nous poussent \u00e0 l&rsquo;entraide, \u00e0 \u00eatre attentif \u00e0 notre prochain et \u00e0 notre environnement, \u00e0 \u00eatre respectueux de la vie.<\/p><p class=\"contenu\"><strong>LA MODESTIE ET L&rsquo;HUMILIT\u00c9 : KEN<\/strong><\/p><p class=\"contenu\">La bont\u00e9 et la bienveillance ne peuvent s&rsquo;exprimer sinc\u00e8rement sans mod\u00e9ration dans l&rsquo;appr\u00e9ciation de soi-m\u00eame. Savoir \u00eatre humble, exempt d&rsquo;orgueil et de vanit\u00e9, sans faux-semblant est le seul garant de la modestie.<\/p><p class=\"contenu\"><strong>LA DROITURE : TADASHI ou SEI<\/strong><\/p><p class=\"contenu\">C&rsquo;est suivre la ligne du devoir et de ne jamais s&rsquo;en \u00e9carter. Loyaut\u00e9, honn\u00eatet\u00e9 et sinc\u00e9rit\u00e9 sont les piliers de cette droiture. Elle nous permet de prendre sans aucune faiblesse une d\u00e9cision juste et raisonnable.<\/p><p class=\"contenu\"><strong>LE RESPECT : SONCHOO<\/strong><\/p><p class=\"contenu\">La droiture engendre le respect \u00e0 l&rsquo;\u00e9gard des autres et de la part des autres. La politesse est l&rsquo;expression de ce respect d\u00fb \u00e0 autrui quelles que soient ses qualit\u00e9s, ses faiblesses ou sa position sociale. Savoir traiter les personnes et les choses avec d\u00e9f\u00e9rence et respecter le sacr\u00e9 est le premier devoir d&rsquo;un budoka car cela permet d&rsquo;\u00e9viter de nombreuses querelles et conflits.<\/p><p class=\"contenu\"><strong>LE CONTROLE DE SOI : SEIGYO<\/strong><\/p><p class=\"contenu\">Cela doit \u00eatre la qualit\u00e9 essentielle de toutes ceinture noire. Il repr\u00e9sente la possibilit\u00e9 de ma\u00eetriser nos sentiments, nos pulsions et de contr\u00f4ler notre instinct. C&rsquo;est l&rsquo;un des principaux objectif de la pratique du Karat\u00e9-do, car il conditionne toute notre efficacit\u00e9. <br \/>Le code d&rsquo;honneur et de la morale traditionnelle enseign\u00e9e dans le Karat\u00e9-do est bas\u00e9 sur l&rsquo;acquisition de cette ma\u00eetrise.<\/p><\/div>\n\t\t\t\t<\/div>\n\t\t\t\t\t\t\t<div class=\"elementor-accordion-item\">\n\t\t\t\t\t<div id=\"elementor-tab-title-1464\" class=\"elementor-tab-title\" data-tab=\"4\" role=\"button\" aria-controls=\"elementor-tab-content-1464\" aria-expanded=\"false\">\n\t\t\t\t\t\t\t\t\t\t\t\t\t<span class=\"elementor-accordion-icon elementor-accordion-icon-left\" aria-hidden=\"true\">\n\t\t\t\t\t\t\t\t\t\t\t\t\t\t\t<span class=\"elementor-accordion-icon-closed\"><svg class=\"e-font-icon-svg e-fas-plus\" viewBox=\"0 0 448 512\" xmlns=\"http:\/\/www.w3.org\/2000\/svg\"><path d=\"M416 208H272V64c0-17.67-14.33-32-32-32h-32c-17.67 0-32 14.33-32 32v144H32c-17.67 0-32 14.33-32 32v32c0 17.67 14.33 32 32 32h144v144c0 17.67 14.33 32 32 32h32c17.67 0 32-14.33 32-32V304h144c17.67 0 32-14.33 32-32v-32c0-17.67-14.33-32-32-32z\"><\/path><\/svg><\/span>\n\t\t\t\t\t\t\t\t<span class=\"elementor-accordion-icon-opened\"><svg class=\"e-font-icon-svg e-fas-minus\" viewBox=\"0 0 448 512\" xmlns=\"http:\/\/www.w3.org\/2000\/svg\"><path d=\"M416 208H32c-17.67 0-32 14.33-32 32v32c0 17.67 14.33 32 32 32h384c17.67 0 32-14.33 32-32v-32c0-17.67-14.33-32-32-32z\"><\/path><\/svg><\/span>\n\t\t\t\t\t\t\t\t\t\t\t\t\t\t<\/span>\n\t\t\t\t\t\t\t\t\t\t\t\t<a class=\"elementor-accordion-title\" tabindex=\"0\">Karat\u00e9 en France<\/a>\n\t\t\t\t\t<\/div>\n\t\t\t\t\t<div id=\"elementor-tab-content-1464\" class=\"elementor-tab-content elementor-clearfix\" data-tab=\"4\" role=\"region\" aria-labelledby=\"elementor-tab-title-1464\"><p class=\"contenu\"><strong>Ma\u00eetre Henri PLEE<\/strong> introduisit en France le Karat\u00e9 en 1951.<\/p><ul class=\"contenu_ul\"><li>1960 &#8211; Protocole d&rsquo;accord avec la FFJDA<\/li><li>1961 &#8211; Premier championnat de France<\/li><li>1962 &#8211; Premier passage de Grade Officiel<\/li><li>1963 &#8211; Premi\u00e8re rencontre internationale officielle de Karat\u00e9<\/li><li>1964 &#8211; Cr\u00e9ation de l&rsquo;Union Europ\u00e9enne de Karat\u00e9<\/li><li>1966 &#8211; Premier Championnat d&rsquo;Europe<\/li><li>1970 &#8211; Premier Championnat du Monde \u00e0 Tokyo<\/li><\/ul><div><strong>Le Karat\u00e9 joue un r\u00f4le \u00e9ducatif et social tr\u00e8s important. Outre l&rsquo;activit\u00e9 physique et morale qu&rsquo;il apporte, il favorise la ma\u00eetrise et le respect des r\u00e8gles dans la soci\u00e9t\u00e9, emp\u00eachant notamment la violence de prendre le pas sur la paix.<\/strong><\/div><div><strong>\u00a0<\/strong><\/div><div><strong> Cet art martial conna\u00eet depuis quelques ann\u00e9es un essor consid\u00e9rable :<\/strong><\/div><div>\u00a0<\/div><ul class=\"contenu_ul\"><li>1962 \u00e0 1963, il y avait 20 clubs comptant 600 licenci\u00e9s<\/li><li>1999, la F\u00e9d\u00e9ration enregistre 189 681 licenci\u00e9s (44 430 filles et 144 751 gar\u00e7ons)<\/li><\/ul><p><strong><em>Nombre total des ceintures noires en 2018(Source FFKDA)<\/em><\/strong><\/p><ul><li>10\u00e9me Dan 1<\/li><li>9\u00e9me Dan 11<\/li><li>8\u00e9me Dan 57<\/li><li>7\u00e9me Dan 229<\/li><li>6\u00e9me Dan 596<\/li><li>5\u00e9me Dan 1555<\/li><li>4\u00e9me Dan 2953<\/li><li>3\u00e9me Dan 5809<\/li><li>2\u00e9me Dan 14364<\/li><li>1\u00e9r Dan 53295<\/li><\/ul><p>NB\u00a0: \u00e0 mettre dans la rubrique\u00a0: l\u2019art martial\/karat\u00e9 en France\/ \u00e0 droite de la liste 2011<\/p><\/div>\n\t\t\t\t<\/div>\n\t\t\t\t\t\t\t\t<\/div>\n\t\t\t\t\t\t<\/div>\n\t\t\t\t<div class=\"elementor-element elementor-element-f07252b elementor-widget elementor-widget-spacer\" data-id=\"f07252b\" data-element_type=\"widget\" data-widget_type=\"spacer.default\">\n\t\t\t\t\t\t\t<div class=\"elementor-spacer\">\n\t\t\t<div class=\"elementor-spacer-inner\"><\/div>\n\t\t<\/div>\n\t\t\t\t\t\t<\/div>\n\t\t\t\t\t<\/div>\n\t\t<\/div>\n\t\t\t\t\t<\/div>\n\t\t<\/section>\n\t\t\t\t<\/div>\n\t\t","protected":false},"excerpt":{"rendered":"<p>Shinta\u00ef-do Le shinta\u00ef-do est n\u00e9 \u00e0 Tokyo en 1966 par un groupe d&rsquo;experts des arts martiaux dirig\u00e9 par AOKI HIROYUKI \u00e9l\u00e8ve du ma\u00eetre EGAMI SHIGERU. Cette discipline vise au d\u00e9veloppement du corps et de l&rsquo;esprit. Pour une harmonie et une expression \u00e9nergitique de l&rsquo;univers. Ses formes naturelles de base expriment avec intensit\u00e9 l&rsquo;amour des \u00eatres [&hellip;]<\/p>\n","protected":false},"author":1,"featured_media":0,"parent":0,"menu_order":0,"comment_status":"closed","ping_status":"closed","template":"","meta":{"_acf_changed":false,"footnotes":""},"class_list":["post-9","page","type-page","status-publish","hentry"],"acf":[],"_links":{"self":[{"href":"https:\/\/shintaido-karate.com\/index.php\/wp-json\/wp\/v2\/pages\/9","targetHints":{"allow":["GET"]}}],"collection":[{"href":"https:\/\/shintaido-karate.com\/index.php\/wp-json\/wp\/v2\/pages"}],"about":[{"href":"https:\/\/shintaido-karate.com\/index.php\/wp-json\/wp\/v2\/types\/page"}],"author":[{"embeddable":true,"href":"https:\/\/shintaido-karate.com\/index.php\/wp-json\/wp\/v2\/users\/1"}],"replies":[{"embeddable":true,"href":"https:\/\/shintaido-karate.com\/index.php\/wp-json\/wp\/v2\/comments?post=9"}],"version-history":[{"count":9,"href":"https:\/\/shintaido-karate.com\/index.php\/wp-json\/wp\/v2\/pages\/9\/revisions"}],"predecessor-version":[{"id":307,"href":"https:\/\/shintaido-karate.com\/index.php\/wp-json\/wp\/v2\/pages\/9\/revisions\/307"}],"wp:attachment":[{"href":"https:\/\/shintaido-karate.com\/index.php\/wp-json\/wp\/v2\/media?parent=9"}],"curies":[{"name":"wp","href":"https:\/\/api.w.org\/{rel}","templated":true}]}}