{"id":127,"date":"2018-09-08T02:14:11","date_gmt":"2018-09-08T00:14:11","guid":{"rendered":"http:\/\/shintaido-karate.com\/?page_id=127"},"modified":"2020-05-20T18:27:28","modified_gmt":"2020-05-20T16:27:28","slug":"galerie","status":"publish","type":"page","link":"https:\/\/shintaido-karate.com\/index.php\/galerie\/","title":{"rendered":"Galerie"},"content":{"rendered":"\t\t<div data-elementor-type=\"wp-post\" data-elementor-id=\"127\" class=\"elementor elementor-127\" data-elementor-post-type=\"page\">\n\t\t\t\t\t\t<section class=\"elementor-section elementor-top-section elementor-element elementor-element-7871d2a elementor-section-boxed elementor-section-height-default elementor-section-height-default\" data-id=\"7871d2a\" data-element_type=\"section\">\n\t\t\t\t\t\t<div class=\"elementor-container elementor-column-gap-default\">\n\t\t\t\t\t<div class=\"elementor-column elementor-col-100 elementor-top-column elementor-element elementor-element-802d98f\" data-id=\"802d98f\" data-element_type=\"column\">\n\t\t\t<div class=\"elementor-widget-wrap elementor-element-populated\">\n\t\t\t\t\t\t<div class=\"elementor-element elementor-element-8331e90 elementor-widget elementor-widget-heading\" data-id=\"8331e90\" data-element_type=\"widget\" data-widget_type=\"heading.default\">\n\t\t\t\t\t<h2 class=\"elementor-heading-title elementor-size-default\">Galerie photos<\/h2>\t\t\t\t<\/div>\n\t\t\t\t\t<\/div>\n\t\t<\/div>\n\t\t\t\t\t<\/div>\n\t\t<\/section>\n\t\t\t\t<section class=\"elementor-section elementor-top-section elementor-element elementor-element-935b038 elementor-section-boxed elementor-section-height-default elementor-section-height-default\" data-id=\"935b038\" data-element_type=\"section\">\n\t\t\t\t\t\t<div class=\"elementor-container elementor-column-gap-default\">\n\t\t\t\t\t<div class=\"elementor-column elementor-col-100 elementor-top-column elementor-element elementor-element-271688e\" data-id=\"271688e\" data-element_type=\"column\">\n\t\t\t<div class=\"elementor-widget-wrap elementor-element-populated\">\n\t\t\t\t\t\t<div class=\"elementor-element elementor-element-dd9c62b elementor-widget elementor-widget-gallery\" data-id=\"dd9c62b\" data-element_type=\"widget\" data-settings=\"{&quot;lazyload&quot;:&quot;yes&quot;,&quot;gallery_layout&quot;:&quot;grid&quot;,&quot;columns&quot;:4,&quot;columns_tablet&quot;:2,&quot;columns_mobile&quot;:1,&quot;gap&quot;:{&quot;unit&quot;:&quot;px&quot;,&quot;size&quot;:10,&quot;sizes&quot;:[]},&quot;gap_tablet&quot;:{&quot;unit&quot;:&quot;px&quot;,&quot;size&quot;:10,&quot;sizes&quot;:[]},&quot;gap_mobile&quot;:{&quot;unit&quot;:&quot;px&quot;,&quot;size&quot;:10,&quot;sizes&quot;:[]},&quot;link_to&quot;:&quot;file&quot;,&quot;aspect_ratio&quot;:&quot;3:2&quot;,&quot;overlay_background&quot;:&quot;yes&quot;,&quot;content_hover_animation&quot;:&quot;fade-in&quot;}\" data-widget_type=\"gallery.default\">\n\t\t\t\t\t\t\t<div class=\"elementor-gallery__container\">\n\t\t\t\t\t\t\t<a class=\"e-gallery-item elementor-gallery-item elementor-animated-content\" href=\"https:\/\/shintaido-karate.com\/wp-content\/uploads\/2019\/04\/SEMINAIRE-NATIONAL-FSK-CHOISY-LE-ROI-F\u00c9VRIER-2019.jpg\" data-elementor-open-lightbox=\"yes\" data-elementor-lightbox-slideshow=\"dd9c62b\" data-elementor-lightbox-title=\"SEMINAIRE NATIONAL FSK CHOISY LE ROI F\u00c9VRIER 2019\" data-e-action-hash=\"#elementor-action%3Aaction%3Dlightbox%26settings%3DeyJpZCI6MjQzLCJ1cmwiOiJodHRwczpcL1wvc2hpbnRhaWRvLWthcmF0ZS5jb21cL3dwLWNvbnRlbnRcL3VwbG9hZHNcLzIwMTlcLzA0XC9TRU1JTkFJUkUtTkFUSU9OQUwtRlNLLUNIT0lTWS1MRS1ST0ktRlx1MDBjOVZSSUVSLTIwMTkuanBnIiwic2xpZGVzaG93IjoiZGQ5YzYyYiJ9\">\n\t\t\t\t\t<div class=\"e-gallery-image elementor-gallery-item__image\" data-thumbnail=\"https:\/\/shintaido-karate.com\/wp-content\/uploads\/2019\/04\/SEMINAIRE-NATIONAL-FSK-CHOISY-LE-ROI-F\u00c9VRIER-2019-300x108.jpg\" data-width=\"300\" data-height=\"108\" aria-label=\"\" role=\"img\" ><\/div>\n\t\t\t\t\t\t\t\t\t\t\t<div class=\"elementor-gallery-item__overlay\"><\/div>\n\t\t\t\t\t\t\t\t\t\t\t\t\t\t<\/a>\n\t\t\t\t\t\t\t<a class=\"e-gallery-item elementor-gallery-item elementor-animated-content\" href=\"https:\/\/shintaido-karate.com\/wp-content\/uploads\/2019\/04\/Les-Experts-FSK-et-Mr-Giles-Cherdieu-plusieurs-fois-Champion-du-Monde-SEMINAIRE-2019.jpg\" data-elementor-open-lightbox=\"yes\" data-elementor-lightbox-slideshow=\"dd9c62b\" data-elementor-lightbox-title=\"Les Experts FSK et Mr Giles Cherdieu plusieurs fois Champion du Monde SEMINAIRE 2019\" data-e-action-hash=\"#elementor-action%3Aaction%3Dlightbox%26settings%3DeyJpZCI6MjQyLCJ1cmwiOiJodHRwczpcL1wvc2hpbnRhaWRvLWthcmF0ZS5jb21cL3dwLWNvbnRlbnRcL3VwbG9hZHNcLzIwMTlcLzA0XC9MZXMtRXhwZXJ0cy1GU0stZXQtTXItR2lsZXMtQ2hlcmRpZXUtcGx1c2lldXJzLWZvaXMtQ2hhbXBpb24tZHUtTW9uZGUtU0VNSU5BSVJFLTIwMTkuanBnIiwic2xpZGVzaG93IjoiZGQ5YzYyYiJ9\">\n\t\t\t\t\t<div class=\"e-gallery-image elementor-gallery-item__image\" data-thumbnail=\"https:\/\/shintaido-karate.com\/wp-content\/uploads\/2019\/04\/Les-Experts-FSK-et-Mr-Giles-Cherdieu-plusieurs-fois-Champion-du-Monde-SEMINAIRE-2019-300x243.jpg\" data-width=\"300\" data-height=\"243\" aria-label=\"\" role=\"img\" ><\/div>\n\t\t\t\t\t\t\t\t\t\t\t<div class=\"elementor-gallery-item__overlay\"><\/div>\n\t\t\t\t\t\t\t\t\t\t\t\t\t\t<\/a>\n\t\t\t\t\t\t\t<a class=\"e-gallery-item elementor-gallery-item elementor-animated-content\" href=\"https:\/\/shintaido-karate.com\/wp-content\/uploads\/2019\/04\/Les-Experts-de-France-Shotokai-Karate-Do-avec-le-pr\u00e9sident-de-la-F\u00e9d\u00e9ration-Francaise-de-karat\u00e9.jpg\" data-elementor-open-lightbox=\"yes\" data-elementor-lightbox-slideshow=\"dd9c62b\" data-elementor-lightbox-title=\"Les Experts de France Shotokai Karate Do avec le pr\u00e9sident de la F\u00e9d\u00e9ration Francaise de karat\u00e9\" data-e-action-hash=\"#elementor-action%3Aaction%3Dlightbox%26settings%3DeyJpZCI6MjQxLCJ1cmwiOiJodHRwczpcL1wvc2hpbnRhaWRvLWthcmF0ZS5jb21cL3dwLWNvbnRlbnRcL3VwbG9hZHNcLzIwMTlcLzA0XC9MZXMtRXhwZXJ0cy1kZS1GcmFuY2UtU2hvdG9rYWktS2FyYXRlLURvLWF2ZWMtbGUtcHJcdTAwZTlzaWRlbnQtZGUtbGEtRlx1MDBlOWRcdTAwZTlyYXRpb24tRnJhbmNhaXNlLWRlLWthcmF0XHUwMGU5LmpwZyIsInNsaWRlc2hvdyI6ImRkOWM2MmIifQ%3D%3D\">\n\t\t\t\t\t<div class=\"e-gallery-image elementor-gallery-item__image\" data-thumbnail=\"https:\/\/shintaido-karate.com\/wp-content\/uploads\/2019\/04\/Les-Experts-de-France-Shotokai-Karate-Do-avec-le-pr\u00e9sident-de-la-F\u00e9d\u00e9ration-Francaise-de-karat\u00e9-300x225.jpg\" data-width=\"300\" data-height=\"225\" aria-label=\"\" role=\"img\" ><\/div>\n\t\t\t\t\t\t\t\t\t\t\t<div class=\"elementor-gallery-item__overlay\"><\/div>\n\t\t\t\t\t\t\t\t\t\t\t\t\t\t<\/a>\n\t\t\t\t\t\t\t<a class=\"e-gallery-item elementor-gallery-item elementor-animated-content\" href=\"https:\/\/shintaido-karate.com\/wp-content\/uploads\/2019\/04\/COURS-AVEC-MAITRE-LOUALI-SEMINAIRE-FSK-2019.jpg\" data-elementor-open-lightbox=\"yes\" data-elementor-lightbox-slideshow=\"dd9c62b\" data-elementor-lightbox-title=\"COURS AVEC MAITRE LOUALI SEMINAIRE FSK 2019\" data-e-action-hash=\"#elementor-action%3Aaction%3Dlightbox%26settings%3DeyJpZCI6MjQwLCJ1cmwiOiJodHRwczpcL1wvc2hpbnRhaWRvLWthcmF0ZS5jb21cL3dwLWNvbnRlbnRcL3VwbG9hZHNcLzIwMTlcLzA0XC9DT1VSUy1BVkVDLU1BSVRSRS1MT1VBTEktU0VNSU5BSVJFLUZTSy0yMDE5LmpwZyIsInNsaWRlc2hvdyI6ImRkOWM2MmIifQ%3D%3D\">\n\t\t\t\t\t<div class=\"e-gallery-image elementor-gallery-item__image\" data-thumbnail=\"https:\/\/shintaido-karate.com\/wp-content\/uploads\/2019\/04\/COURS-AVEC-MAITRE-LOUALI-SEMINAIRE-FSK-2019-300x134.jpg\" data-width=\"300\" data-height=\"134\" aria-label=\"\" role=\"img\" ><\/div>\n\t\t\t\t\t\t\t\t\t\t\t<div class=\"elementor-gallery-item__overlay\"><\/div>\n\t\t\t\t\t\t\t\t\t\t\t\t\t\t<\/a>\n\t\t\t\t\t\t\t<a class=\"e-gallery-item elementor-gallery-item elementor-animated-content\" href=\"https:\/\/shintaido-karate.com\/wp-content\/uploads\/2018\/11\/Philing-Nguyen-Vainqueur-Coupe-dEurope-IBA-2017-scaled.jpg\" data-elementor-open-lightbox=\"yes\" data-elementor-lightbox-slideshow=\"dd9c62b\" data-elementor-lightbox-title=\"Philing-Nguyen-Vainqueur-Coupe-d&#039;Europe-IBA-2017\" data-e-action-hash=\"#elementor-action%3Aaction%3Dlightbox%26settings%3DeyJpZCI6MjA2LCJ1cmwiOiJodHRwczpcL1wvc2hpbnRhaWRvLWthcmF0ZS5jb21cL3dwLWNvbnRlbnRcL3VwbG9hZHNcLzIwMThcLzExXC9QaGlsaW5nLU5ndXllbi1WYWlucXVldXItQ291cGUtZEV1cm9wZS1JQkEtMjAxNy1zY2FsZWQuanBnIiwic2xpZGVzaG93IjoiZGQ5YzYyYiJ9\">\n\t\t\t\t\t<div class=\"e-gallery-image elementor-gallery-item__image\" data-thumbnail=\"https:\/\/shintaido-karate.com\/wp-content\/uploads\/2018\/11\/Philing-Nguyen-Vainqueur-Coupe-dEurope-IBA-2017-169x300.jpg\" data-width=\"169\" data-height=\"300\" aria-label=\"\" role=\"img\" ><\/div>\n\t\t\t\t\t\t\t\t\t\t\t<div class=\"elementor-gallery-item__overlay\"><\/div>\n\t\t\t\t\t\t\t\t\t\t\t\t\t\t<\/a>\n\t\t\t\t\t\t\t<a class=\"e-gallery-item elementor-gallery-item elementor-animated-content\" href=\"https:\/\/shintaido-karate.com\/wp-content\/uploads\/2018\/11\/Rabah-Louali-Coupe-dEurope-IBA-2017.jpg\" data-elementor-open-lightbox=\"yes\" data-elementor-lightbox-slideshow=\"dd9c62b\" data-elementor-lightbox-title=\"Rabah-Louali-Coupe-d&#039;Europe-IBA-2017\" data-e-action-hash=\"#elementor-action%3Aaction%3Dlightbox%26settings%3DeyJpZCI6MjA3LCJ1cmwiOiJodHRwczpcL1wvc2hpbnRhaWRvLWthcmF0ZS5jb21cL3dwLWNvbnRlbnRcL3VwbG9hZHNcLzIwMThcLzExXC9SYWJhaC1Mb3VhbGktQ291cGUtZEV1cm9wZS1JQkEtMjAxNy5qcGciLCJzbGlkZXNob3ciOiJkZDljNjJiIn0%3D\">\n\t\t\t\t\t<div class=\"e-gallery-image elementor-gallery-item__image\" data-thumbnail=\"https:\/\/shintaido-karate.com\/wp-content\/uploads\/2018\/11\/Rabah-Louali-Coupe-dEurope-IBA-2017-300x169.jpg\" data-width=\"300\" data-height=\"169\" aria-label=\"\" role=\"img\" ><\/div>\n\t\t\t\t\t\t\t\t\t\t\t<div class=\"elementor-gallery-item__overlay\"><\/div>\n\t\t\t\t\t\t\t\t\t\t\t\t\t\t<\/a>\n\t\t\t\t\t\t\t<a class=\"e-gallery-item elementor-gallery-item elementor-animated-content\" href=\"https:\/\/shintaido-karate.com\/wp-content\/uploads\/2018\/11\/Rabah-Louali-Coupe-du-monde-IBA-2015-scaled.jpg\" data-elementor-open-lightbox=\"yes\" data-elementor-lightbox-slideshow=\"dd9c62b\" data-elementor-lightbox-title=\"Rabah-Louali-Coupe-du-monde-IBA--2015\" data-e-action-hash=\"#elementor-action%3Aaction%3Dlightbox%26settings%3DeyJpZCI6MjA4LCJ1cmwiOiJodHRwczpcL1wvc2hpbnRhaWRvLWthcmF0ZS5jb21cL3dwLWNvbnRlbnRcL3VwbG9hZHNcLzIwMThcLzExXC9SYWJhaC1Mb3VhbGktQ291cGUtZHUtbW9uZGUtSUJBLTIwMTUtc2NhbGVkLmpwZyIsInNsaWRlc2hvdyI6ImRkOWM2MmIifQ%3D%3D\">\n\t\t\t\t\t<div class=\"e-gallery-image elementor-gallery-item__image\" data-thumbnail=\"https:\/\/shintaido-karate.com\/wp-content\/uploads\/2018\/11\/Rabah-Louali-Coupe-du-monde-IBA-2015-200x300.jpg\" data-width=\"200\" data-height=\"300\" aria-label=\"\" role=\"img\" ><\/div>\n\t\t\t\t\t\t\t\t\t\t\t<div class=\"elementor-gallery-item__overlay\"><\/div>\n\t\t\t\t\t\t\t\t\t\t\t\t\t\t<\/a>\n\t\t\t\t\t\t\t<a class=\"e-gallery-item elementor-gallery-item elementor-animated-content\" href=\"https:\/\/shintaido-karate.com\/wp-content\/uploads\/2018\/11\/Rabah-Louali-Sim-2018.jpg\" data-elementor-open-lightbox=\"yes\" data-elementor-lightbox-slideshow=\"dd9c62b\" data-elementor-lightbox-title=\"Rabah-Louali-Sim-2018\" data-e-action-hash=\"#elementor-action%3Aaction%3Dlightbox%26settings%3DeyJpZCI6MjA5LCJ1cmwiOiJodHRwczpcL1wvc2hpbnRhaWRvLWthcmF0ZS5jb21cL3dwLWNvbnRlbnRcL3VwbG9hZHNcLzIwMThcLzExXC9SYWJhaC1Mb3VhbGktU2ltLTIwMTguanBnIiwic2xpZGVzaG93IjoiZGQ5YzYyYiJ9\">\n\t\t\t\t\t<div class=\"e-gallery-image elementor-gallery-item__image\" data-thumbnail=\"https:\/\/shintaido-karate.com\/wp-content\/uploads\/2018\/11\/Rabah-Louali-Sim-2018-300x225.jpg\" data-width=\"300\" data-height=\"225\" aria-label=\"\" role=\"img\" ><\/div>\n\t\t\t\t\t\t\t\t\t\t\t<div class=\"elementor-gallery-item__overlay\"><\/div>\n\t\t\t\t\t\t\t\t\t\t\t\t\t\t<\/a>\n\t\t\t\t\t\t\t<a class=\"e-gallery-item elementor-gallery-item elementor-animated-content\" href=\"https:\/\/shintaido-karate.com\/wp-content\/uploads\/2018\/11\/SHOTOKAI-INTERNATIONAL-MEETING-SIM-2018-.jpg\" data-elementor-open-lightbox=\"yes\" data-elementor-lightbox-slideshow=\"dd9c62b\" data-elementor-lightbox-title=\"SHOTOKAI-INTERNATIONAL-MEETING---SIM-2018-\" data-e-action-hash=\"#elementor-action%3Aaction%3Dlightbox%26settings%3DeyJpZCI6MjEwLCJ1cmwiOiJodHRwczpcL1wvc2hpbnRhaWRvLWthcmF0ZS5jb21cL3dwLWNvbnRlbnRcL3VwbG9hZHNcLzIwMThcLzExXC9TSE9UT0tBSS1JTlRFUk5BVElPTkFMLU1FRVRJTkctU0lNLTIwMTgtLmpwZyIsInNsaWRlc2hvdyI6ImRkOWM2MmIifQ%3D%3D\">\n\t\t\t\t\t<div class=\"e-gallery-image elementor-gallery-item__image\" data-thumbnail=\"https:\/\/shintaido-karate.com\/wp-content\/uploads\/2018\/11\/SHOTOKAI-INTERNATIONAL-MEETING-SIM-2018--300x225.jpg\" data-width=\"300\" data-height=\"225\" aria-label=\"\" role=\"img\" ><\/div>\n\t\t\t\t\t\t\t\t\t\t\t<div class=\"elementor-gallery-item__overlay\"><\/div>\n\t\t\t\t\t\t\t\t\t\t\t\t\t\t<\/a>\n\t\t\t\t\t\t\t<a class=\"e-gallery-item elementor-gallery-item elementor-animated-content\" href=\"https:\/\/shintaido-karate.com\/wp-content\/uploads\/2018\/11\/Photos-S\u00e9minaire-2015.jpg\" data-elementor-open-lightbox=\"yes\" data-elementor-lightbox-slideshow=\"dd9c62b\" data-elementor-lightbox-title=\"Le Mag n\u00a17\" data-e-action-hash=\"#elementor-action%3Aaction%3Dlightbox%26settings%3DeyJpZCI6MjE3LCJ1cmwiOiJodHRwczpcL1wvc2hpbnRhaWRvLWthcmF0ZS5jb21cL3dwLWNvbnRlbnRcL3VwbG9hZHNcLzIwMThcLzExXC9QaG90b3MtU1x1MDBlOW1pbmFpcmUtMjAxNS5qcGciLCJzbGlkZXNob3ciOiJkZDljNjJiIn0%3D\">\n\t\t\t\t\t<div class=\"e-gallery-image elementor-gallery-item__image\" data-thumbnail=\"https:\/\/shintaido-karate.com\/wp-content\/uploads\/2018\/11\/Photos-S\u00e9minaire-2015-300x200.jpg\" data-width=\"300\" data-height=\"200\" aria-label=\"\" role=\"img\" ><\/div>\n\t\t\t\t\t\t\t\t\t\t\t<div class=\"elementor-gallery-item__overlay\"><\/div>\n\t\t\t\t\t\t\t\t\t\t\t\t\t\t<\/a>\n\t\t\t\t\t\t\t<a class=\"e-gallery-item elementor-gallery-item elementor-animated-content\" href=\"https:\/\/shintaido-karate.com\/wp-content\/uploads\/2019\/04\/COURS-AVEC-MAITRE-LOUALI-SEMINAIRE-2019-.jpg\" data-elementor-open-lightbox=\"yes\" data-elementor-lightbox-slideshow=\"dd9c62b\" data-elementor-lightbox-title=\"COURS AVEC MAITRE LOUALI SEMINAIRE 2019\" data-e-action-hash=\"#elementor-action%3Aaction%3Dlightbox%26settings%3DeyJpZCI6MjM5LCJ1cmwiOiJodHRwczpcL1wvc2hpbnRhaWRvLWthcmF0ZS5jb21cL3dwLWNvbnRlbnRcL3VwbG9hZHNcLzIwMTlcLzA0XC9DT1VSUy1BVkVDLU1BSVRSRS1MT1VBTEktU0VNSU5BSVJFLTIwMTktLmpwZyIsInNsaWRlc2hvdyI6ImRkOWM2MmIifQ%3D%3D\">\n\t\t\t\t\t<div class=\"e-gallery-image elementor-gallery-item__image\" data-thumbnail=\"https:\/\/shintaido-karate.com\/wp-content\/uploads\/2019\/04\/COURS-AVEC-MAITRE-LOUALI-SEMINAIRE-2019--300x119.jpg\" data-width=\"300\" data-height=\"119\" aria-label=\"\" role=\"img\" ><\/div>\n\t\t\t\t\t\t\t\t\t\t\t<div class=\"elementor-gallery-item__overlay\"><\/div>\n\t\t\t\t\t\t\t\t\t\t\t\t\t\t<\/a>\n\t\t\t\t\t\t\t<a class=\"e-gallery-item elementor-gallery-item elementor-animated-content\" href=\"https:\/\/shintaido-karate.com\/wp-content\/uploads\/2018\/11\/LES-MAITRES-DU-SHOTOKAI-AU-SIM-2018.jpg\" data-elementor-open-lightbox=\"yes\" data-elementor-lightbox-slideshow=\"dd9c62b\" data-elementor-lightbox-title=\"LES-MAITRES-DU-SHOTOKAI-AU-SIM-2018\" data-e-action-hash=\"#elementor-action%3Aaction%3Dlightbox%26settings%3DeyJpZCI6MjA1LCJ1cmwiOiJodHRwczpcL1wvc2hpbnRhaWRvLWthcmF0ZS5jb21cL3dwLWNvbnRlbnRcL3VwbG9hZHNcLzIwMThcLzExXC9MRVMtTUFJVFJFUy1EVS1TSE9UT0tBSS1BVS1TSU0tMjAxOC5qcGciLCJzbGlkZXNob3ciOiJkZDljNjJiIn0%3D\">\n\t\t\t\t\t<div class=\"e-gallery-image elementor-gallery-item__image\" data-thumbnail=\"https:\/\/shintaido-karate.com\/wp-content\/uploads\/2018\/11\/LES-MAITRES-DU-SHOTOKAI-AU-SIM-2018-300x225.jpg\" data-width=\"300\" data-height=\"225\" aria-label=\"\" role=\"img\" ><\/div>\n\t\t\t\t\t\t\t\t\t\t\t<div class=\"elementor-gallery-item__overlay\"><\/div>\n\t\t\t\t\t\t\t\t\t\t\t\t\t\t<\/a>\n\t\t\t\t\t\t\t<a class=\"e-gallery-item elementor-gallery-item elementor-animated-content\" href=\"https:\/\/shintaido-karate.com\/wp-content\/uploads\/2018\/09\/photos-juin-2018-296.jpeg\" data-elementor-open-lightbox=\"yes\" data-elementor-lightbox-slideshow=\"dd9c62b\" data-elementor-lightbox-title=\"photos juin 2018 296\" data-e-action-hash=\"#elementor-action%3Aaction%3Dlightbox%26settings%3DeyJpZCI6MTY2LCJ1cmwiOiJodHRwczpcL1wvc2hpbnRhaWRvLWthcmF0ZS5jb21cL3dwLWNvbnRlbnRcL3VwbG9hZHNcLzIwMThcLzA5XC9waG90b3MtanVpbi0yMDE4LTI5Ni5qcGVnIiwic2xpZGVzaG93IjoiZGQ5YzYyYiJ9\">\n\t\t\t\t\t<div class=\"e-gallery-image elementor-gallery-item__image\" data-thumbnail=\"https:\/\/shintaido-karate.com\/wp-content\/uploads\/2018\/09\/photos-juin-2018-296-300x225.jpeg\" data-width=\"300\" data-height=\"225\" aria-label=\"\" role=\"img\" ><\/div>\n\t\t\t\t\t\t\t\t\t\t\t<div class=\"elementor-gallery-item__overlay\"><\/div>\n\t\t\t\t\t\t\t\t\t\t\t\t\t\t<\/a>\n\t\t\t\t\t<\/div>\n\t\t\t\t\t<\/div>\n\t\t\t\t\t<\/div>\n\t\t<\/div>\n\t\t\t\t\t<\/div>\n\t\t<\/section>\n\t\t\t\t<\/div>\n\t\t","protected":false},"excerpt":{"rendered":"<p>Galerie photos<\/p>\n","protected":false},"author":1,"featured_media":0,"parent":0,"menu_order":0,"comment_status":"closed","ping_status":"closed","template":"","meta":{"_acf_changed":false,"footnotes":""},"class_list":["post-127","page","type-page","status-publish","hentry"],"acf":[],"_links":{"self":[{"href":"https:\/\/shintaido-karate.com\/index.php\/wp-json\/wp\/v2\/pages\/127","targetHints":{"allow":["GET"]}}],"collection":[{"href":"https:\/\/shintaido-karate.com\/index.php\/wp-json\/wp\/v2\/pages"}],"about":[{"href":"https:\/\/shintaido-karate.com\/index.php\/wp-json\/wp\/v2\/types\/page"}],"author":[{"embeddable":true,"href":"https:\/\/shintaido-karate.com\/index.php\/wp-json\/wp\/v2\/users\/1"}],"replies":[{"embeddable":true,"href":"https:\/\/shintaido-karate.com\/index.php\/wp-json\/wp\/v2\/comments?post=127"}],"version-history":[{"count":7,"href":"https:\/\/shintaido-karate.com\/index.php\/wp-json\/wp\/v2\/pages\/127\/revisions"}],"predecessor-version":[{"id":410,"href":"https:\/\/shintaido-karate.com\/index.php\/wp-json\/wp\/v2\/pages\/127\/revisions\/410"}],"wp:attachment":[{"href":"https:\/\/shintaido-karate.com\/index.php\/wp-json\/wp\/v2\/media?parent=127"}],"curies":[{"name":"wp","href":"https:\/\/api.w.org\/{rel}","templated":true}]}}